{"id":2193,"date":"2019-10-02T18:04:35","date_gmt":"2019-10-02T16:04:35","guid":{"rendered":"https:\/\/www.stelvio-umbrail.ch\/2020\/?page_id=2193"},"modified":"2026-02-10T07:38:38","modified_gmt":"2026-02-10T06:38:38","slug":"museum-aktuell-oeffnungszeiten","status":"publish","type":"page","link":"https:\/\/stelvio-umbrail.ch\/vsuhp\/museum-aktuell-oeffnungszeiten\/","title":{"rendered":"Museum Aktuell \u00d6ffnungszeiten"},"content":{"rendered":"<div class=\"wpb-content-wrapper\">[vc_row][vc_column width=\u201c1\/2\u2033 css=\u201c.vc_custom_1569956116064{margin-bottom: 20px !important;}\u201c][vc_column_text css=\u201c\u201c]\n<table class=\"data_table\">\n<tbody>\n<tr>\n<td colspan=\"2\">Unser Museum ist w\u00e4hrend den Sommermonaten (09. Juni 2026 \u2013 16. Oktober 2026) jeweils am <strong>Dienstag und Freitag von 1700 \u2013 1900 Uhr<\/strong> ge\u00f6ffnet. In der Hochsaison (4. Juli 2026 \u2013 15. August) \u00f6ffnen wir die Museumst\u00fcre zus\u00e4tzlich auch am <strong>Samstag<\/strong> zu gleichen Zeiten.\n<p>Die gef\u00fchrten Begehungen beginnen um<strong> 1715<\/strong> Uhr.<\/p><\/td>\n<\/tr>\n<tr>\n<td class=\"data_table\" colspan=\"2\">Sollten Sie als Gruppe (mindestens 6 Teilnehmer) an einem Museumsbesuch ausserhalb der ordentlichen \u00d6ffnungszeiten interessiert sein \u2013 rufen Sie uns an.<br>\n+41 79 208 12 28 oder +41 81 858 72 28<\/td>\n<\/tr>\n<tr>\n<td colspan=\"2\">\u00a0\n<p>Eintrittspreise: <a href=\"https:\/\/stelvio-umbrail.ch\/vsuhp\/standort-oeffnungszeiten\/\">allgemeine Infos<\/a><\/p><\/td>\n<\/tr>\n<\/tbody>\n<\/table>\n[\/vc_column_text][\/vc_column][vc_column width=\u201c1\/2\u2033][vc_single_image image=\u201c2194\u2033 img_size=\u201cfull\u201c][\/vc_column][\/vc_row][vc_row][vc_column offset=\u201cvc_hidden-sm vc_hidden-xs\u201c]<style type=\"text\/css\" data-type=\"the7_shortcodes-inline-css\">.gallery-shortcode.gallery-masonry-shortcode-id-c9eddcfabcdbf7c7e3899c3c79263f6a figure,\n.gallery-shortcode.gallery-masonry-shortcode-id-c9eddcfabcdbf7c7e3899c3c79263f6a .rollover,\n.gallery-shortcode.gallery-masonry-shortcode-id-c9eddcfabcdbf7c7e3899c3c79263f6a img,\n.gallery-shortcode.gallery-masonry-shortcode-id-c9eddcfabcdbf7c7e3899c3c79263f6a .gallery-rollover {\n  border-radius: 0px;\n}\n.gallery-shortcode.gallery-masonry-shortcode-id-c9eddcfabcdbf7c7e3899c3c79263f6a.enable-bg-rollover .gallery-rollover {\n  background: -webkit-linear-gradient();\n  background: linear-gradient();\n}\n.gallery-shortcode.gallery-masonry-shortcode-id-c9eddcfabcdbf7c7e3899c3c79263f6a.enable-bg-rollover.hover-scale figure .rollover:after {\n  background: -webkit-linear-gradient();\n  background: linear-gradient();\n}\n.gallery-shortcode.gallery-masonry-shortcode-id-c9eddcfabcdbf7c7e3899c3c79263f6a .gallery-zoom-ico {\n  width: 44px;\n  height: 44px;\n  line-height: 44px;\n  border-radius: 100px;\n  margin: -22px 0 0 -22px;\n  border-width: 0px;\n  color: #ffffff;\n}\n.dt-icon-bg-on.gallery-shortcode.gallery-masonry-shortcode-id-c9eddcfabcdbf7c7e3899c3c79263f6a .gallery-zoom-ico {\n  background: rgba(255,255,255,0.3);\n  box-shadow: none;\n}\n.gallery-shortcode.gallery-masonry-shortcode-id-c9eddcfabcdbf7c7e3899c3c79263f6a .gallery-zoom-ico:before,\n.gallery-shortcode.gallery-masonry-shortcode-id-c9eddcfabcdbf7c7e3899c3c79263f6a .gallery-zoom-ico span {\n  font-size: 32px;\n  line-height: 44px;\n  color: #ffffff;\n}\n.gallery-shortcode.gallery-masonry-shortcode-id-c9eddcfabcdbf7c7e3899c3c79263f6a:not(.resize-by-browser-width) .dt-css-grid {\n  grid-row-gap: 10px;\n  grid-column-gap: 10px;\n  grid-template-columns: repeat(auto-fill,minmax(,1fr));\n}\n.gallery-shortcode.gallery-masonry-shortcode-id-c9eddcfabcdbf7c7e3899c3c79263f6a:not(.resize-by-browser-width) .dt-css-grid .double-width {\n  grid-column: span 2;\n}\n.cssgridlegacy.no-cssgrid .gallery-shortcode.gallery-masonry-shortcode-id-c9eddcfabcdbf7c7e3899c3c79263f6a:not(.resize-by-browser-width) .dt-css-grid,\n.no-cssgridlegacy.no-cssgrid .gallery-shortcode.gallery-masonry-shortcode-id-c9eddcfabcdbf7c7e3899c3c79263f6a:not(.resize-by-browser-width) .dt-css-grid {\n  display: flex;\n  flex-flow: row wrap;\n  margin: -5px;\n}\n.cssgridlegacy.no-cssgrid .gallery-shortcode.gallery-masonry-shortcode-id-c9eddcfabcdbf7c7e3899c3c79263f6a:not(.resize-by-browser-width) .dt-css-grid .wf-cell,\n.no-cssgridlegacy.no-cssgrid .gallery-shortcode.gallery-masonry-shortcode-id-c9eddcfabcdbf7c7e3899c3c79263f6a:not(.resize-by-browser-width) .dt-css-grid .wf-cell {\n  flex: 1 0 ;\n  max-width: 100%;\n  padding: 5px;\n  box-sizing: border-box;\n}\n.gallery-shortcode.gallery-masonry-shortcode-id-c9eddcfabcdbf7c7e3899c3c79263f6a.resize-by-browser-width .dt-css-grid {\n  grid-template-columns: repeat(2,1fr);\n  grid-template-rows: auto;\n  grid-column-gap: 10px;\n  grid-row-gap: 10px;\n}\n.gallery-shortcode.gallery-masonry-shortcode-id-c9eddcfabcdbf7c7e3899c3c79263f6a.resize-by-browser-width .dt-css-grid .double-width {\n  grid-column: span 2;\n}\n.cssgridlegacy.no-cssgrid .gallery-shortcode.gallery-masonry-shortcode-id-c9eddcfabcdbf7c7e3899c3c79263f6a.resize-by-browser-width .dt-css-grid {\n  margin: -5px;\n}\n.cssgridlegacy.no-cssgrid .gallery-shortcode.gallery-masonry-shortcode-id-c9eddcfabcdbf7c7e3899c3c79263f6a.resize-by-browser-width .dt-css-grid .wf-cell {\n  width: 50%;\n  padding: 5px;\n}\n.cssgridlegacy.no-cssgrid .gallery-shortcode.gallery-masonry-shortcode-id-c9eddcfabcdbf7c7e3899c3c79263f6a.resize-by-browser-width .dt-css-grid .wf-cell.double-width {\n  width: calc(50%) * 2;\n}\n.gallery-shortcode.gallery-masonry-shortcode-id-c9eddcfabcdbf7c7e3899c3c79263f6a.resize-by-browser-width:not(.centered-layout-list):not(.content-bg-on) .dt-css-grid {\n  grid-row-gap: 10px - ;\n}\n@media screen and (max-width: 1199px) {\n  .gallery-shortcode.gallery-masonry-shortcode-id-c9eddcfabcdbf7c7e3899c3c79263f6a.resize-by-browser-width .dt-css-grid {\n    grid-template-columns: repeat(2,1fr);\n  }\n  .cssgridlegacy.no-cssgrid .gallery-shortcode.gallery-masonry-shortcode-id-c9eddcfabcdbf7c7e3899c3c79263f6a.resize-by-browser-width .dt-css-grid .wf-cell,\n  .no-cssgridlegacy.no-cssgrid .gallery-shortcode.gallery-masonry-shortcode-id-c9eddcfabcdbf7c7e3899c3c79263f6a.resize-by-browser-width .dt-css-grid .wf-cell {\n    width: 50%;\n  }\n  .cssgridlegacy.no-cssgrid .gallery-shortcode.gallery-masonry-shortcode-id-c9eddcfabcdbf7c7e3899c3c79263f6a.resize-by-browser-width .dt-css-grid .wf-cell.double-width,\n  .no-cssgridlegacy.no-cssgrid .gallery-shortcode.gallery-masonry-shortcode-id-c9eddcfabcdbf7c7e3899c3c79263f6a.resize-by-browser-width .dt-css-grid .wf-cell.double-width {\n    width: calc(50%)*2;\n  }\n}\n@media screen and (max-width: 991px) {\n  .gallery-shortcode.gallery-masonry-shortcode-id-c9eddcfabcdbf7c7e3899c3c79263f6a.resize-by-browser-width .dt-css-grid {\n    grid-template-columns: repeat(2,1fr);\n  }\n  .cssgridlegacy.no-cssgrid .gallery-shortcode.gallery-masonry-shortcode-id-c9eddcfabcdbf7c7e3899c3c79263f6a.resize-by-browser-width .dt-css-grid .wf-cell,\n  .no-cssgridlegacy.no-cssgrid .gallery-shortcode.gallery-masonry-shortcode-id-c9eddcfabcdbf7c7e3899c3c79263f6a.resize-by-browser-width .dt-css-grid .wf-cell {\n    width: 50%;\n  }\n  .cssgridlegacy.no-cssgrid .gallery-shortcode.gallery-masonry-shortcode-id-c9eddcfabcdbf7c7e3899c3c79263f6a.resize-by-browser-width .dt-css-grid .wf-cell.double-width,\n  .no-cssgridlegacy.no-cssgrid .gallery-shortcode.gallery-masonry-shortcode-id-c9eddcfabcdbf7c7e3899c3c79263f6a.resize-by-browser-width .dt-css-grid .wf-cell.double-width {\n    width: calc(50%)*2;\n  }\n}\n@media screen and (max-width: 767px) {\n  .gallery-shortcode.gallery-masonry-shortcode-id-c9eddcfabcdbf7c7e3899c3c79263f6a.resize-by-browser-width .dt-css-grid {\n    grid-template-columns: repeat(1,1fr);\n  }\n  .cssgridlegacy.no-cssgrid .gallery-shortcode.gallery-masonry-shortcode-id-c9eddcfabcdbf7c7e3899c3c79263f6a.resize-by-browser-width .dt-css-grid .wf-cell,\n  .no-cssgridlegacy.no-cssgrid .gallery-shortcode.gallery-masonry-shortcode-id-c9eddcfabcdbf7c7e3899c3c79263f6a.resize-by-browser-width .dt-css-grid .wf-cell {\n    width: 100%;\n  }\n  .cssgridlegacy.no-cssgrid .gallery-shortcode.gallery-masonry-shortcode-id-c9eddcfabcdbf7c7e3899c3c79263f6a.resize-by-browser-width .dt-css-grid .wf-cell.double-width,\n  .no-cssgridlegacy.no-cssgrid .gallery-shortcode.gallery-masonry-shortcode-id-c9eddcfabcdbf7c7e3899c3c79263f6a.resize-by-browser-width .dt-css-grid .wf-cell.double-width {\n    width: calc(100%)*2;\n  }\n}<\/style><div class=\"gallery-shortcode dt-gallery-container gallery-masonry-shortcode-id-c9eddcfabcdbf7c7e3899c3c79263f6a mode-grid jquery-filter dt-icon-bg-off quick-scale-img dt-css-grid-wrap enable-bg-rollover resize-by-browser-width  hover-fade loading-effect-none description-on-hover\" data-padding=\"5px\" data-cur-page=\"1\" data-post-limit=\"-1\" data-pagination-mode=\"none\" data-desktop-columns-num=\"2\" data-v-tablet-columns-num=\"2\" data-h-tablet-columns-num=\"2\" data-phone-columns-num=\"1\" data-width=\"0px\" data-columns=\"0\"><div class=\"dt-css-grid\"><div class=\"wf-cell\" data-post-id=\"3774\" data-date=\"2019-12-26T17:27:52+01:00\" data-name=\"DSC01247\"><figure class=\"post visible\"><a href=\"https:\/\/stelvio-umbrail.ch\/vsuhp\/wp-content\/uploads\/2019\/12\/DSC01247.jpg\" class=\"rollover dt-pswp-item\" data-large_image_width=\"819\" data-large_image_height=\"600\" data-dt-img-description=\"\"><img loading=\"lazy\" decoding=\"async\" class=\"preload-me aspect\" src=\"https:\/\/stelvio-umbrail.ch\/vsuhp\/wp-content\/uploads\/2019\/12\/DSC01247-600x600.jpg\" srcset=\"https:\/\/stelvio-umbrail.ch\/vsuhp\/wp-content\/uploads\/2019\/12\/DSC01247-600x600.jpg 600w\" style=\"--ratio: 600 \/ 600\" sizes=\"auto, (max-width: 600px) 100vw, 600px\" alt=\"\" width=\"600\" height=\"600\"><span class=\"gallery-rollover\"><span class=\"gallery-zoom-ico icomoon-the7-font-the7-zoom-06\"><span><\/span><\/span><\/span><\/a><\/figure><\/div><div class=\"wf-cell\" data-post-id=\"3772\" data-date=\"2019-12-26T17:27:48+01:00\" data-name=\"DSC 0028\"><figure class=\"post visible\"><a href=\"https:\/\/stelvio-umbrail.ch\/vsuhp\/wp-content\/uploads\/2019\/12\/DSC_0028.jpg\" class=\"rollover dt-pswp-item\" data-large_image_width=\"819\" data-large_image_height=\"600\" data-dt-img-description=\"\"><img loading=\"lazy\" decoding=\"async\" class=\"preload-me aspect\" src=\"https:\/\/stelvio-umbrail.ch\/vsuhp\/wp-content\/uploads\/2019\/12\/DSC_0028-600x600.jpg\" srcset=\"https:\/\/stelvio-umbrail.ch\/vsuhp\/wp-content\/uploads\/2019\/12\/DSC_0028-600x600.jpg 600w\" style=\"--ratio: 600 \/ 600\" sizes=\"auto, (max-width: 600px) 100vw, 600px\" alt=\"\" width=\"600\" height=\"600\"><span class=\"gallery-rollover\"><span class=\"gallery-zoom-ico icomoon-the7-font-the7-zoom-06\"><span><\/span><\/span><\/span><\/a><\/figure><\/div><div class=\"wf-cell\" data-post-id=\"3770\" data-date=\"2019-12-26T17:27:44+01:00\" data-name=\"D2X 45\"><figure class=\"post visible\"><a href=\"https:\/\/stelvio-umbrail.ch\/vsuhp\/wp-content\/uploads\/2019\/12\/D2X_45.jpg\" class=\"rollover dt-pswp-item\" data-large_image_width=\"819\" data-large_image_height=\"600\" data-dt-img-description=\"\"><img loading=\"lazy\" decoding=\"async\" class=\"preload-me aspect\" src=\"https:\/\/stelvio-umbrail.ch\/vsuhp\/wp-content\/uploads\/2019\/12\/D2X_45-600x600.jpg\" srcset=\"https:\/\/stelvio-umbrail.ch\/vsuhp\/wp-content\/uploads\/2019\/12\/D2X_45-600x600.jpg 600w\" style=\"--ratio: 600 \/ 600\" sizes=\"auto, (max-width: 600px) 100vw, 600px\" alt=\"\" width=\"600\" height=\"600\"><span class=\"gallery-rollover\"><span class=\"gallery-zoom-ico icomoon-the7-font-the7-zoom-06\"><span><\/span><\/span><\/span><\/a><\/figure><\/div><div class=\"wf-cell\" data-post-id=\"3775\" data-date=\"2019-12-26T17:27:53+01:00\" data-name=\"DSCN0036\"><figure class=\"post visible\"><a href=\"https:\/\/stelvio-umbrail.ch\/vsuhp\/wp-content\/uploads\/2019\/12\/DSCN0036.jpg\" class=\"rollover dt-pswp-item\" data-large_image_width=\"819\" data-large_image_height=\"600\" data-dt-img-description=\"\"><img loading=\"lazy\" decoding=\"async\" class=\"preload-me aspect\" src=\"https:\/\/stelvio-umbrail.ch\/vsuhp\/wp-content\/uploads\/2019\/12\/DSCN0036-600x600.jpg\" srcset=\"https:\/\/stelvio-umbrail.ch\/vsuhp\/wp-content\/uploads\/2019\/12\/DSCN0036-600x600.jpg 600w\" style=\"--ratio: 600 \/ 600\" sizes=\"auto, (max-width: 600px) 100vw, 600px\" alt=\"\" width=\"600\" height=\"600\"><span class=\"gallery-rollover\"><span class=\"gallery-zoom-ico icomoon-the7-font-the7-zoom-06\"><span><\/span><\/span><\/span><\/a><\/figure><\/div><\/div><!-- iso-container|iso-grid --><\/div>[\/vc_column][\/vc_row][vc_row type=\u201cvc_default\u201c full_width=\u201cstretch_row\u201c bg_type=\u201cbg_color\u201c bg_override=\u201cex-full\u201c css=\u201c.vc_custom_1577376873908{margin-top: 100px !important;padding-top: 60px !important;padding-bottom: 70px !important;}\u201c bg_color_value=\u201c#f5f5f5\u2033][vc_column]<div id=\"ultimate-heading-133469f222542dbdc\" class=\"uvc-heading ult-adjust-bottom-margin ultimate-heading-133469f222542dbdc uvc-1300 color-title accent-title-color\" data-hspacer=\"no_spacer\" data-halign=\"center\" style=\"text-align:center\"><div class=\"uvc-heading-spacer no_spacer\" style=\"top\"><\/div><div class=\"uvc-main-heading ult-responsive\" data-ultimate-target=\".uvc-heading.ultimate-heading-133469f222542dbdc h2\" data-responsive-json-new='{\"font-size\":\"desktop:40px;tablet_portrait:20px;\",\"line-height\":\"desktop:46px;tablet_portrait:26px;\"}'><h2 style=\"font-family:'Open Sans Condensed';font-weight:700;margin-bottom:10px;\">M\u00f6chten Sie unser Museum ausserhalb der ordentlichen \u00d6ffnungszeiten besuchen?<\/h2><\/div><div class=\"uvc-sub-heading ult-responsive\" data-ultimate-target=\".uvc-heading.ultimate-heading-133469f222542dbdc .uvc-sub-heading \" data-responsive-json-new='{\"font-size\":\"desktop:30px;tablet_portrait:40px;\",\"line-height\":\"desktop:76px;tablet_portrait:46px;\"}' style=\"font-family:'Open Sans Condensed';font-weight:700;\">Kontaktieren Sie uns \u2013 wir werden es Ihnen erm\u00f6glichen.<\/div><\/div><style type=\"text\/css\" data-type=\"the7_shortcodes-inline-css\">#default-btn-744d50b397f84d553394b9289b0639ea.ico-right-side > i {\n  margin-right: 0px;\n  margin-left: 8px;\n}\n#default-btn-744d50b397f84d553394b9289b0639ea > i {\n  margin-right: 8px;\n}<\/style><div class=\"btn-align-center\"><a href=\"https:\/\/stelvio-umbrail.ch\/vsuhp\/kontakt\/#!\/museum\" class=\"default-btn-shortcode dt-btn dt-btn-l link-hover-off  vc_custom_1597779040039\" id=\"default-btn-744d50b397f84d553394b9289b0639ea\" style=\"width:400px;\" title=\"Kontakt Museum\"><span>Besuch des MUSEUM 14\/18<\/span><\/a><\/div>[\/vc_column][\/vc_row]\n<\/div>","protected":false},"excerpt":{"rendered":"<p>[vc_row][vc_column width=&#8220;1\/2&#8243; css=&#8220;.vc_custom_1569956116064{margin-bottom: 20px !important;}&#8220;][vc_column_text css=&#8220;&#8220;] Unser Museum ist w\u00e4hrend den Sommermonaten (09. Juni 2026 &#8211; 16. Oktober 2026) jeweils am Dienstag und Freitag von 1700 &#8211; 1900 Uhr ge\u00f6ffnet. In der Hochsaison (4. Juli 2026 &#8211; 15. August) \u00f6ffnen wir die Museumst\u00fcre zus\u00e4tzlich auch am Samstag zu gleichen Zeiten. Die gef\u00fchrten Begehungen beginnen um&hellip;<\/p>\n","protected":false},"author":1,"featured_media":0,"parent":0,"menu_order":100,"comment_status":"closed","ping_status":"closed","template":"template-microsite.php","meta":{"footnotes":""},"categories":[],"tags":[],"class_list":["post-2193","page","type-page","status-publish","hentry","description-off"],"_links":{"self":[{"href":"https:\/\/stelvio-umbrail.ch\/vsuhp\/wp-json\/wp\/v2\/pages\/2193","targetHints":{"allow":["GET"]}}],"collection":[{"href":"https:\/\/stelvio-umbrail.ch\/vsuhp\/wp-json\/wp\/v2\/pages"}],"about":[{"href":"https:\/\/stelvio-umbrail.ch\/vsuhp\/wp-json\/wp\/v2\/types\/page"}],"author":[{"embeddable":true,"href":"https:\/\/stelvio-umbrail.ch\/vsuhp\/wp-json\/wp\/v2\/users\/1"}],"replies":[{"embeddable":true,"href":"https:\/\/stelvio-umbrail.ch\/vsuhp\/wp-json\/wp\/v2\/comments?post=2193"}],"version-history":[{"count":0,"href":"https:\/\/stelvio-umbrail.ch\/vsuhp\/wp-json\/wp\/v2\/pages\/2193\/revisions"}],"wp:attachment":[{"href":"https:\/\/stelvio-umbrail.ch\/vsuhp\/wp-json\/wp\/v2\/media?parent=2193"}],"wp:term":[{"taxonomy":"category","embeddable":true,"href":"https:\/\/stelvio-umbrail.ch\/vsuhp\/wp-json\/wp\/v2\/categories?post=2193"},{"taxonomy":"post_tag","embeddable":true,"href":"https:\/\/stelvio-umbrail.ch\/vsuhp\/wp-json\/wp\/v2\/tags?post=2193"}],"curies":[{"name":"wp","href":"https:\/\/api.w.org\/{rel}","templated":true}]}}